{"id":29,"date":"2020-08-31T22:49:47","date_gmt":"2020-08-31T22:49:47","guid":{"rendered":"https:\/\/asociacionesperanza.com.ar\/eei\/?page_id=29"},"modified":"2020-11-20T11:43:21","modified_gmt":"2020-11-20T14:43:21","slug":"eei","status":"publish","type":"page","link":"https:\/\/asociacionesperanza.com.ar\/eei\/","title":{"rendered":"EEI"},"content":{"rendered":"\n<h1 class=\"wp-block-heading\"><strong>ESCUELA DE EDUCACI\u00d3N INTEGRAL (RES. 1500\/18. D.G.E)<\/strong><\/h1>\n\n\n\n<p class=\"has-normal-font-size\">Esta escuela surge en la Asociaci\u00f3n Esperanza a fines del a\u00f1o 2018, dando un giro sustancial en relaci\u00f3n a la propuesta del Post Primario que se ven\u00eda desarrollando hasta el momento.<\/p>\n\n\n\n<p class=\"has-normal-font-size\">La MISI\u00d3N de nuestra escuela es \u201cLograr a trav\u00e9s de una Educaci\u00f3n Integral el desarrollo de capacidades para favorecer la autodeterminaci\u00f3n de los j\u00f3venes con discapacidad intelectual\u201d.<\/p>\n\n\n\n<p class=\"has-normal-font-size\">La VISI\u00d3N es nuestros j\u00f3venes logren el desarrollo m\u00e1ximo pleno e integral de sus capacidades, para ser un ciudadano responsable, con un rol productivo en la sociedad.<\/p>\n\n\n\n<p class=\"has-normal-font-size\">La Instituci\u00f3n se encuentra preparada para atender a alumnos con discapacidad intelectual y realizar los ajustes razonables que cada alumno necesite. (Modelo Social de Discapacidad)<\/p>\n\n\n\n<p><\/p>\n\n\n\n<p><\/p>\n\n\n\n<p><\/p>\n\n\n\n<p><\/p>\n\n\n\n<p><\/p>\n\n\n\n<p><\/p>\n\n\n\n<p class=\"has-normal-font-size\">Nuestra instituci\u00f3n se rige por la resoluci\u00f3n 1500\/18 DGE; que estipula una duraci\u00f3n total de 6 a\u00f1os de formaci\u00f3n; con la siguiente organizaci\u00f3n:<\/p>\n\n\n\n<div class=\"wp-block-media-text alignwide is-stacked-on-mobile\" style=\"grid-template-columns:25% auto\"><figure class=\"wp-block-media-text__media\"><img loading=\"lazy\" decoding=\"async\" width=\"279\" height=\"300\" src=\"https:\/\/asociacionesperanza.com.ar\/eei\/wp-content\/uploads\/2020\/09\/Owl-with-pencil-1.jpg\" alt=\"\" class=\"wp-image-78\"\/><\/figure><div class=\"wp-block-media-text__content\">\n<h4 class=\"wp-block-heading\"><strong><u>CICLO B\u00c1SICO: DOS A\u00d1OS DE DURACI\u00d3N<\/u><\/strong><\/h4>\n\n\n\n<figure class=\"wp-block-table is-style-stripes\"><table class=\"has-subtle-pale-green-background-color has-background\"><tbody><tr><td><strong>MATERIAS<\/strong><\/td><td><strong>CARGA HORARIA SEMANAL<\/strong><\/td><\/tr><tr><td>DISCIPLINAS B\u00c1SICAS<\/td><td>5HS<\/td><\/tr><tr><td>TALLER T\u00c9CNICO PRE PROFESIONAL<\/td><td>10HS<\/td><\/tr><tr><td>ED MUSICAL<\/td><td>1HS<\/td><\/tr><tr><td>ED. F\u00cdSICA<\/td><td>3HS<\/td><\/tr><tr><td>TEATRO<\/td><td>1HS<\/td><\/tr><\/tbody><\/table><\/figure>\n<\/div><\/div>\n\n\n\n<div class=\"wp-block-media-text alignwide has-media-on-the-right is-stacked-on-mobile\" style=\"grid-template-columns:auto 18%\"><figure class=\"wp-block-media-text__media\"><img loading=\"lazy\" decoding=\"async\" width=\"267\" height=\"429\" src=\"https:\/\/asociacionesperanza.com.ar\/eei\/wp-content\/uploads\/2020\/09\/\u0418\u043c\u043f\u0435\u0440\u0438\u044f-\u041f\u043e\u0437\u0434\u0440\u0430\u0432\u043b\u0435\u043d\u0438\u0439-1.jpg\" alt=\"\" class=\"wp-image-82\" srcset=\"https:\/\/asociacionesperanza.com.ar\/eei\/wp-content\/uploads\/2020\/09\/\u0418\u043c\u043f\u0435\u0440\u0438\u044f-\u041f\u043e\u0437\u0434\u0440\u0430\u0432\u043b\u0435\u043d\u0438\u0439-1.jpg 267w, https:\/\/asociacionesperanza.com.ar\/eei\/wp-content\/uploads\/2020\/09\/\u0418\u043c\u043f\u0435\u0440\u0438\u044f-\u041f\u043e\u0437\u0434\u0440\u0430\u0432\u043b\u0435\u043d\u0438\u0439-1-187x300.jpg 187w\" sizes=\"(max-width: 267px) 100vw, 267px\" \/><\/figure><div class=\"wp-block-media-text__content\">\n<h4 class=\"wp-block-heading\"><strong><u>CICLO ORIENTADO: CUATRO A\u00d1OS DE DURACI\u00d3N<\/u><\/strong><\/h4>\n\n\n\n<figure class=\"wp-block-table is-style-stripes\"><table class=\"has-subtle-pale-green-background-color has-background\"><tbody><tr><td><strong>MATERIAS<\/strong><\/td><td><strong>CARGA HORARIA SEMANAL<\/strong><\/td><\/tr><tr><td>DISCIPLINAS B\u00c1SICAS<\/td><td>10 HS<\/td><\/tr><tr><td>TALLER PROFESIONAL<\/td><td>10 HS<\/td><\/tr><tr><td>ED MUSICAL<\/td><td>1 HS<\/td><\/tr><tr><td>ED. F\u00cdSICA<\/td><td>3 HS<\/td><\/tr><tr><td>TEATRO<\/td><td>1 HS<\/td><\/tr><\/tbody><\/table><\/figure>\n<\/div><\/div>\n\n\n\n<p>En el presente ciclo lectivo existen dos talleres:<\/p>\n\n\n\n<p>-Panader\u00eda y Pasteler\u00eda<\/p>\n\n\n\n<p>-Taller Gr\u00e1fico Multimedial.<\/p>\n\n\n\n<p>-Pintura y Escultura<\/p>\n\n\n\n<p>Se incorporar\u00e1n para el pr\u00f3ximo ciclo lectivo otros talleres que se est\u00e1n definiendo institucionalmente en la actualidad.<\/p>\n\n\n\n<h3 class=\"wp-block-heading\"><strong><u>Profesionales<\/u><\/strong>:<\/h3>\n\n\n\n<p>Nuestro Instituto cuenta con:<\/p>\n\n\n\n<p>-Profesores Terapeutas en Discapacitados Mentales y Motores.<\/p>\n\n\n\n<p>-Profesores de Artes Visuales<\/p>\n\n\n\n<p>-Profesores id\u00f3neos para cada taller<\/p>\n\n\n\n<p>-Servicio de Orientaci\u00f3n: Fonoaudiolog\u00eda, Psicolog\u00eda, Pedagog\u00eda Terap\u00e9utica, M\u00e9dico, Psicopedagog\u00eda, Terapia Ocupacional y Trabajo Social.<\/p>\n\n\n\n<p>Todos ellos con un fuerte compromiso por la educaci\u00f3n y formaci\u00f3n de j\u00f3venes aut\u00f3nomos y competentes.<\/p>\n\n\n\n<h3 class=\"wp-block-heading\"><strong><u>Requisitos de ingreso y permanencia:<\/u><\/strong><\/h3>\n\n\n\n<p>-CUD (certificado \u00fanico de discapacidad) vigente.<\/p>\n\n\n\n<p>-Tener finalizado 7\u00b0 grado en escuelas de Ed. Especial o en escuelas de Ed.&nbsp; Com\u00fan con apoyo a la inclusi\u00f3n.<\/p>\n\n\n\n<p>-Entrevista familiar y evaluaci\u00f3n al aspirante. Se realizan durante la segunda semana de setiembre. (dependiendo del cupo existente)<\/p>\n\n\n\n<p class=\"has-normal-font-size\">-La escolaridad (cuota mensual) en el caso de tener obra social es cubierta por la misma.<\/p>\n","protected":false},"excerpt":{"rendered":"<p>ESCUELA DE EDUCACI\u00d3N INTEGRAL (RES. 1500\/18. D.G.E) Esta escuela surge en la Asociaci\u00f3n Esperanza a fines del a\u00f1o 2018, dando un giro sustancial en relaci\u00f3n a la propuesta del Post Primario que se ven\u00eda desarrollando hasta el momento. La MISI\u00d3N de nuestra escuela es \u201cLograr a trav\u00e9s de una Educaci\u00f3n Integral el desarrollo de capacidades [&hellip;]<\/p>\n","protected":false},"author":2,"featured_media":0,"parent":0,"menu_order":0,"comment_status":"closed","ping_status":"closed","template":"","meta":{"footnotes":""},"blocksy_meta":{"styles_descriptor":{"styles":{"desktop":"","tablet":"","mobile":""},"google_fonts":[],"version":6}},"_links":{"self":[{"href":"https:\/\/asociacionesperanza.com.ar\/eei\/wp-json\/wp\/v2\/pages\/29"}],"collection":[{"href":"https:\/\/asociacionesperanza.com.ar\/eei\/wp-json\/wp\/v2\/pages"}],"about":[{"href":"https:\/\/asociacionesperanza.com.ar\/eei\/wp-json\/wp\/v2\/types\/page"}],"author":[{"embeddable":true,"href":"https:\/\/asociacionesperanza.com.ar\/eei\/wp-json\/wp\/v2\/users\/2"}],"replies":[{"embeddable":true,"href":"https:\/\/asociacionesperanza.com.ar\/eei\/wp-json\/wp\/v2\/comments?post=29"}],"version-history":[{"count":12,"href":"https:\/\/asociacionesperanza.com.ar\/eei\/wp-json\/wp\/v2\/pages\/29\/revisions"}],"predecessor-version":[{"id":126,"href":"https:\/\/asociacionesperanza.com.ar\/eei\/wp-json\/wp\/v2\/pages\/29\/revisions\/126"}],"wp:attachment":[{"href":"https:\/\/asociacionesperanza.com.ar\/eei\/wp-json\/wp\/v2\/media?parent=29"}],"curies":[{"name":"wp","href":"https:\/\/api.w.org\/{rel}","templated":true}]}}