{"id":339,"date":"2024-07-11T21:29:45","date_gmt":"2024-07-12T00:29:45","guid":{"rendered":"https:\/\/asociacionesperanza.com.ar\/eei\/?page_id=339"},"modified":"2025-06-30T17:50:06","modified_gmt":"2025-06-30T20:50:06","slug":"pre-inscripcion","status":"publish","type":"page","link":"https:\/\/asociacionesperanza.com.ar\/eei\/pre-inscripcion\/","title":{"rendered":"PRE-INSCRIPCION"},"content":{"rendered":"\n<h2 class=\"wp-block-heading\">PRE-INSCRIPCI\u00d3N para el Ciclo Lectivo 2026<\/h2>\n\n\n\n<p><strong>Por favor completar el formulario de pre-inscripci\u00f3n, los turnos para las valoraciones se otorgar\u00e1n partir de la segunda quincena de agosto, previamente recibir\u00e1 un email solicitando documentaci\u00f3n.<\/strong><\/p>\n\n\n\n<p>Recuerde que esta es una instancia de pre \u2013 inscripci\u00f3n, el ingreso depender\u00e1 de los cupos disponibles.<\/p>\n\n\n<div class=\"wpforms-container wpforms-container-full wpforms-block wpforms-block-9762ac23-a79b-421b-99e3-f01359a7ea74\" id=\"wpforms-51\"><form id=\"wpforms-form-51\" class=\"wpforms-validate wpforms-form\" data-formid=\"51\" method=\"post\" enctype=\"multipart\/form-data\" action=\"\/eei\/wp-json\/wp\/v2\/pages\/339\" data-token=\"6518cb09810eb36d1912f94cb89ab443\" data-token-time=\"1778251256\"><noscript class=\"wpforms-error-noscript\">Por favor, activa JavaScript en tu navegador para completar este formulario.<\/noscript><div class=\"wpforms-field-container\"><div id=\"wpforms-51-field_4-container\" class=\"wpforms-field wpforms-field-name\" data-field-id=\"4\"><label class=\"wpforms-field-label\">Nombre y apellido del Adolescente <span class=\"wpforms-required-label\">*<\/span><\/label><div class=\"wpforms-field-row wpforms-field-medium\"><div class=\"wpforms-field-row-block wpforms-first wpforms-one-half\"><input type=\"text\" id=\"wpforms-51-field_4\" class=\"wpforms-field-name-first wpforms-field-required\" name=\"wpforms[fields][4][first]\" required><label for=\"wpforms-51-field_4\" class=\"wpforms-field-sublabel after\">Nombre<\/label><\/div><div class=\"wpforms-field-row-block wpforms-one-half\"><input type=\"text\" id=\"wpforms-51-field_4-last\" class=\"wpforms-field-name-last wpforms-field-required\" name=\"wpforms[fields][4][last]\" required><label for=\"wpforms-51-field_4-last\" class=\"wpforms-field-sublabel after\">Apellidos<\/label><\/div><\/div><\/div><div id=\"wpforms-51-field_5-container\" class=\"wpforms-field wpforms-field-number\" data-field-id=\"5\"><label class=\"wpforms-field-label\" for=\"wpforms-51-field_5\">DNI <span class=\"wpforms-required-label\">*<\/span><\/label><input type=\"number\" id=\"wpforms-51-field_5\" class=\"wpforms-field-medium wpforms-field-required\" name=\"wpforms[fields][5]\" step=\"any\" required><\/div><div id=\"wpforms-51-field_10-container\" class=\"wpforms-field wpforms-field-number\" data-field-id=\"10\"><label class=\"wpforms-field-label\" for=\"wpforms-51-field_10\">CUIL <span class=\"wpforms-required-label\">*<\/span><\/label><input type=\"number\" id=\"wpforms-51-field_10\" class=\"wpforms-field-medium wpforms-field-required\" name=\"wpforms[fields][10]\" step=\"any\" required><div class=\"wpforms-field-description\">Si no sabe cual es el n\u00famero de CUIL puede obtenerlo en el siguiente link: https:\/\/www.anses.gob.ar\/consulta\/constancia-de-cuil (copie y pegue en el navegador), o en el Certificado de Discapacidad<\/div><\/div><div id=\"wpforms-51-field_11-container\" class=\"wpforms-field wpforms-field-text\" data-field-id=\"11\"><label class=\"wpforms-field-label\" for=\"wpforms-51-field_11\">Fecha de nacimiento: <span class=\"wpforms-required-label\">*<\/span><\/label><input type=\"text\" id=\"wpforms-51-field_11\" class=\"wpforms-field-medium wpforms-field-required\" name=\"wpforms[fields][11]\" required><\/div><div id=\"wpforms-51-field_7-container\" class=\"wpforms-field wpforms-field-radio\" data-field-id=\"7\"><label class=\"wpforms-field-label\">Posee Certificado de Discapacidad (CUD)? <span class=\"wpforms-required-label\">*<\/span><\/label><ul id=\"wpforms-51-field_7\" class=\"wpforms-field-required\"><li class=\"choice-1 depth-1\"><input type=\"radio\" id=\"wpforms-51-field_7_1\" name=\"wpforms[fields][7]\" value=\"S\u00ed\" required ><label class=\"wpforms-field-label-inline\" for=\"wpforms-51-field_7_1\">S\u00ed<\/label><\/li><li class=\"choice-2 depth-1\"><input type=\"radio\" id=\"wpforms-51-field_7_2\" name=\"wpforms[fields][7]\" value=\"No\" required ><label class=\"wpforms-field-label-inline\" for=\"wpforms-51-field_7_2\">No<\/label><\/li><li class=\"choice-3 depth-1\"><input type=\"radio\" id=\"wpforms-51-field_7_3\" name=\"wpforms[fields][7]\" value=\"En tr\u00e1mite\" required ><label class=\"wpforms-field-label-inline\" for=\"wpforms-51-field_7_3\">En tr\u00e1mite<\/label><\/li><\/ul><\/div><div id=\"wpforms-51-field_12-container\" class=\"wpforms-field wpforms-field-textarea\" data-field-id=\"12\"><label class=\"wpforms-field-label\" for=\"wpforms-51-field_12\">Escriba el diagn\u00f3stico tal cual figura en el Certificado de Discapacidad (CUD) <span class=\"wpforms-required-label\">*<\/span><\/label><textarea id=\"wpforms-51-field_12\" class=\"wpforms-field-medium wpforms-field-required\" name=\"wpforms[fields][12]\" required><\/textarea><\/div><div id=\"wpforms-51-field_16-container\" class=\"wpforms-field wpforms-field-radio\" data-field-id=\"16\"><label class=\"wpforms-field-label\">Toma Medicaci\u00f3n <span class=\"wpforms-required-label\">*<\/span><\/label><ul id=\"wpforms-51-field_16\" class=\"wpforms-field-required\"><li class=\"choice-1 depth-1\"><input type=\"radio\" id=\"wpforms-51-field_16_1\" name=\"wpforms[fields][16]\" value=\"S\u00ed\" required ><label class=\"wpforms-field-label-inline\" for=\"wpforms-51-field_16_1\">S\u00ed<\/label><\/li><li class=\"choice-2 depth-1\"><input type=\"radio\" id=\"wpforms-51-field_16_2\" name=\"wpforms[fields][16]\" value=\"No\" required ><label class=\"wpforms-field-label-inline\" for=\"wpforms-51-field_16_2\">No<\/label><\/li><\/ul><\/div><div id=\"wpforms-51-field_17-container\" class=\"wpforms-field wpforms-field-textarea\" data-field-id=\"17\"><label class=\"wpforms-field-label\" for=\"wpforms-51-field_17\">En caso de responder s\u00ed, \u00bfcu\u00e1l?<\/label><textarea id=\"wpforms-51-field_17\" class=\"wpforms-field-medium\" name=\"wpforms[fields][17]\" ><\/textarea><\/div><div id=\"wpforms-51-field_8-container\" class=\"wpforms-field wpforms-field-radio\" data-field-id=\"8\"><label class=\"wpforms-field-label\">Posee Obra Social? <span class=\"wpforms-required-label\">*<\/span><\/label><ul id=\"wpforms-51-field_8\" class=\"wpforms-field-required\"><li class=\"choice-1 depth-1\"><input type=\"radio\" id=\"wpforms-51-field_8_1\" name=\"wpforms[fields][8]\" value=\"S\u00ed\" required ><label class=\"wpforms-field-label-inline\" for=\"wpforms-51-field_8_1\">S\u00ed<\/label><\/li><li class=\"choice-2 depth-1\"><input type=\"radio\" id=\"wpforms-51-field_8_2\" name=\"wpforms[fields][8]\" value=\"No\" required ><label class=\"wpforms-field-label-inline\" for=\"wpforms-51-field_8_2\">No<\/label><\/li><\/ul><\/div><div id=\"wpforms-51-field_9-container\" class=\"wpforms-field wpforms-field-text\" data-field-id=\"9\"><label class=\"wpforms-field-label\" for=\"wpforms-51-field_9\">Escriba el nombre de su obra social (en caso de haber respondido que s\u00ed)<\/label><input type=\"text\" id=\"wpforms-51-field_9\" class=\"wpforms-field-medium\" name=\"wpforms[fields][9]\" ><\/div><div id=\"wpforms-51-field_13-container\" class=\"wpforms-field wpforms-field-text\" data-field-id=\"13\"><label class=\"wpforms-field-label\" for=\"wpforms-51-field_13\">N\u00famero de afiliado:<\/label><input type=\"text\" id=\"wpforms-51-field_13\" class=\"wpforms-field-medium\" name=\"wpforms[fields][13]\" ><\/div><div id=\"wpforms-51-field_14-container\" class=\"wpforms-field wpforms-field-text\" data-field-id=\"14\"><label class=\"wpforms-field-label\" for=\"wpforms-51-field_14\">Escuela a la que asiste y grado\/a\u00f1o: <span class=\"wpforms-required-label\">*<\/span><\/label><input type=\"text\" id=\"wpforms-51-field_14\" class=\"wpforms-field-medium wpforms-field-required\" name=\"wpforms[fields][14]\" required><\/div><div id=\"wpforms-51-field_0-container\" class=\"wpforms-field wpforms-field-name\" data-field-id=\"0\"><label class=\"wpforms-field-label\">Nombre y apellido del Padre \/ Madre o Tutor <span class=\"wpforms-required-label\">*<\/span><\/label><div class=\"wpforms-field-row wpforms-field-medium\"><div class=\"wpforms-field-row-block wpforms-first wpforms-one-half\"><input type=\"text\" id=\"wpforms-51-field_0\" class=\"wpforms-field-name-first wpforms-field-required\" name=\"wpforms[fields][0][first]\" required><label for=\"wpforms-51-field_0\" class=\"wpforms-field-sublabel after\">Nombre<\/label><\/div><div class=\"wpforms-field-row-block wpforms-one-half\"><input type=\"text\" id=\"wpforms-51-field_0-last\" class=\"wpforms-field-name-last wpforms-field-required\" name=\"wpforms[fields][0][last]\" required><label for=\"wpforms-51-field_0-last\" class=\"wpforms-field-sublabel after\">Apellidos<\/label><\/div><\/div><\/div><div id=\"wpforms-51-field_1-container\" class=\"wpforms-field wpforms-field-email\" data-field-id=\"1\"><label class=\"wpforms-field-label\" for=\"wpforms-51-field_1\">Correo electr\u00f3nico<\/label><input type=\"email\" id=\"wpforms-51-field_1\" class=\"wpforms-field-medium\" name=\"wpforms[fields][1]\" spellcheck=\"false\" ><\/div><div id=\"wpforms-51-field_3-container\" class=\"wpforms-field wpforms-field-number\" data-field-id=\"3\"><label class=\"wpforms-field-label\" for=\"wpforms-51-field_3\">Tel\u00e9fono de contacto <span class=\"wpforms-required-label\">*<\/span><\/label><input type=\"number\" id=\"wpforms-51-field_3\" class=\"wpforms-field-medium wpforms-field-required\" name=\"wpforms[fields][3]\" step=\"any\" required><\/div><div id=\"wpforms-51-field_2-container\" class=\"wpforms-field wpforms-field-textarea\" data-field-id=\"2\"><label class=\"wpforms-field-label\" for=\"wpforms-51-field_2\">Comentario o Mensaje:<\/label><textarea id=\"wpforms-51-field_2\" class=\"wpforms-field-medium\" name=\"wpforms[fields][2]\" ><\/textarea><\/div><\/div><!-- .wpforms-field-container --><div class=\"wpforms-recaptcha-container wpforms-is-recaptcha wpforms-is-recaptcha-type-v3\" ><input type=\"hidden\" name=\"wpforms[recaptcha]\" value=\"\"><\/div><div class=\"wpforms-submit-container\" ><input type=\"hidden\" name=\"wpforms[id]\" value=\"51\"><input type=\"hidden\" name=\"page_title\" value=\"\"><input type=\"hidden\" name=\"page_url\" value=\"https:\/\/asociacionesperanza.com.ar\/eei\/wp-json\/wp\/v2\/pages\/339\"><input type=\"hidden\" name=\"url_referer\" value=\"\"><button type=\"submit\" name=\"wpforms[submit]\" id=\"wpforms-submit-51\" class=\"wpforms-submit\" data-alt-text=\"Enviando...\" data-submit-text=\"Enviar\" aria-live=\"assertive\" value=\"wpforms-submit\">Enviar<\/button><\/div><\/form><\/div>  <!-- .wpforms-container -->","protected":false},"excerpt":{"rendered":"<p>PRE-INSCRIPCI\u00d3N para el Ciclo Lectivo 2026 Por favor completar el formulario de pre-inscripci\u00f3n, los turnos para las valoraciones se otorgar\u00e1n partir de la segunda quincena de agosto, previamente recibir\u00e1 un email solicitando documentaci\u00f3n. Recuerde que esta es una instancia de pre \u2013 inscripci\u00f3n, el ingreso depender\u00e1 de los cupos disponibles.<\/p>\n","protected":false},"author":2,"featured_media":0,"parent":0,"menu_order":0,"comment_status":"closed","ping_status":"closed","template":"","meta":{"footnotes":""},"blocksy_meta":[],"_links":{"self":[{"href":"https:\/\/asociacionesperanza.com.ar\/eei\/wp-json\/wp\/v2\/pages\/339"}],"collection":[{"href":"https:\/\/asociacionesperanza.com.ar\/eei\/wp-json\/wp\/v2\/pages"}],"about":[{"href":"https:\/\/asociacionesperanza.com.ar\/eei\/wp-json\/wp\/v2\/types\/page"}],"author":[{"embeddable":true,"href":"https:\/\/asociacionesperanza.com.ar\/eei\/wp-json\/wp\/v2\/users\/2"}],"replies":[{"embeddable":true,"href":"https:\/\/asociacionesperanza.com.ar\/eei\/wp-json\/wp\/v2\/comments?post=339"}],"version-history":[{"count":3,"href":"https:\/\/asociacionesperanza.com.ar\/eei\/wp-json\/wp\/v2\/pages\/339\/revisions"}],"predecessor-version":[{"id":416,"href":"https:\/\/asociacionesperanza.com.ar\/eei\/wp-json\/wp\/v2\/pages\/339\/revisions\/416"}],"wp:attachment":[{"href":"https:\/\/asociacionesperanza.com.ar\/eei\/wp-json\/wp\/v2\/media?parent=339"}],"curies":[{"name":"wp","href":"https:\/\/api.w.org\/{rel}","templated":true}]}}