{"id":355,"date":"2025-03-13T09:56:01","date_gmt":"2025-03-13T12:56:01","guid":{"rendered":"https:\/\/asociacionesperanza.com.ar\/eei\/?page_id=355"},"modified":"2025-03-13T10:16:01","modified_gmt":"2025-03-13T13:16:01","slug":"gastronomia","status":"publish","type":"page","link":"https:\/\/asociacionesperanza.com.ar\/eei\/gastronomia\/","title":{"rendered":"GASTRONOM\u00cdA"},"content":{"rendered":"\n<p><\/p>\n\n\n<div class=\"wpforms-container wpforms-container-full wpforms-block wpforms-block-60c8611a-c0ef-462f-8b7a-b7f666d1c6f5\" id=\"wpforms-115\"><form id=\"wpforms-form-115\" class=\"wpforms-validate wpforms-form\" data-formid=\"115\" method=\"post\" enctype=\"multipart\/form-data\" action=\"\/eei\/wp-json\/wp\/v2\/pages\/355\" data-token=\"c36aa7f4aab5db20f54095eed1365e7c\" data-token-time=\"1778254214\"><noscript class=\"wpforms-error-noscript\">Por favor, activa JavaScript en tu navegador para completar este formulario.<\/noscript><div class=\"wpforms-field-container\"><div id=\"wpforms-115-field_1-container\" class=\"wpforms-field wpforms-field-name\" data-field-id=\"1\"><label class=\"wpforms-field-label\">Nombre y Apellidos del Alumno\/a <span class=\"wpforms-required-label\">*<\/span><\/label><div class=\"wpforms-field-row wpforms-field-large\"><div class=\"wpforms-field-row-block wpforms-first wpforms-one-half\"><input type=\"text\" id=\"wpforms-115-field_1\" class=\"wpforms-field-name-first wpforms-field-required\" name=\"wpforms[fields][1][first]\" required><label for=\"wpforms-115-field_1\" class=\"wpforms-field-sublabel after\">Nombre<\/label><\/div><div class=\"wpforms-field-row-block wpforms-one-half\"><input type=\"text\" id=\"wpforms-115-field_1-last\" class=\"wpforms-field-name-last wpforms-field-required\" name=\"wpforms[fields][1][last]\" required><label for=\"wpforms-115-field_1-last\" class=\"wpforms-field-sublabel after\">Apellidos<\/label><\/div><\/div><\/div><div id=\"wpforms-115-field_2-container\" class=\"wpforms-field wpforms-field-text\" data-field-id=\"2\"><label class=\"wpforms-field-label\" for=\"wpforms-115-field_2\">Indique en qu\u00e9 a\u00f1o cursar\u00e1 durante el 2022 <span class=\"wpforms-required-label\">*<\/span><\/label><input type=\"text\" id=\"wpforms-115-field_2\" class=\"wpforms-field-medium wpforms-field-required\" name=\"wpforms[fields][2]\" required><\/div><div id=\"wpforms-115-field_3-container\" class=\"wpforms-field wpforms-field-name\" data-field-id=\"3\"><label class=\"wpforms-field-label\">Nombre y apellido del Padre, Madre o Tutor\/a <span class=\"wpforms-required-label\">*<\/span><\/label><div class=\"wpforms-field-row wpforms-field-large\"><div class=\"wpforms-field-row-block wpforms-first wpforms-one-half\"><input type=\"text\" id=\"wpforms-115-field_3\" class=\"wpforms-field-name-first wpforms-field-required\" name=\"wpforms[fields][3][first]\" required><label for=\"wpforms-115-field_3\" class=\"wpforms-field-sublabel after\">Nombre<\/label><\/div><div class=\"wpforms-field-row-block wpforms-one-half\"><input type=\"text\" id=\"wpforms-115-field_3-last\" class=\"wpforms-field-name-last wpforms-field-required\" name=\"wpforms[fields][3][last]\" required><label for=\"wpforms-115-field_3-last\" class=\"wpforms-field-sublabel after\">Apellidos<\/label><\/div><\/div><\/div><div id=\"wpforms-115-field_5-container\" class=\"wpforms-field wpforms-field-number\" data-field-id=\"5\"><label class=\"wpforms-field-label\" for=\"wpforms-115-field_5\">DNI del Padre, Madre o Tutor\/a<\/label><input type=\"number\" id=\"wpforms-115-field_5\" class=\"wpforms-field-medium\" name=\"wpforms[fields][5]\" step=\"any\" ><\/div><div id=\"wpforms-115-field_4-container\" class=\"wpforms-field wpforms-field-radio\" data-field-id=\"4\"><label class=\"wpforms-field-label\">Seleccione la opci\u00f3n que corresponde <span class=\"wpforms-required-label\">*<\/span><\/label><ul id=\"wpforms-115-field_4\" class=\"wpforms-field-required\"><li class=\"choice-1 depth-1\"><input type=\"radio\" id=\"wpforms-115-field_4_1\" name=\"wpforms[fields][4]\" value=\"Padre\" required ><label class=\"wpforms-field-label-inline\" for=\"wpforms-115-field_4_1\">Padre<\/label><\/li><li class=\"choice-2 depth-1\"><input type=\"radio\" id=\"wpforms-115-field_4_2\" name=\"wpforms[fields][4]\" value=\"Madre\" required ><label class=\"wpforms-field-label-inline\" for=\"wpforms-115-field_4_2\">Madre<\/label><\/li><li class=\"choice-3 depth-1\"><input type=\"radio\" id=\"wpforms-115-field_4_3\" name=\"wpforms[fields][4]\" value=\"Tutor\/a\" required ><label class=\"wpforms-field-label-inline\" for=\"wpforms-115-field_4_3\">Tutor\/a<\/label><\/li><\/ul><\/div><div id=\"wpforms-115-field_6-container\" class=\"wpforms-field wpforms-field-text\" data-field-id=\"6\"><label class=\"wpforms-field-label\" for=\"wpforms-115-field_6\">Firma<\/label><input type=\"text\" id=\"wpforms-115-field_6\" class=\"wpforms-field-medium\" name=\"wpforms[fields][6]\" ><\/div><div id=\"wpforms-115-field_7-container\" class=\"wpforms-field wpforms-field-text\" data-field-id=\"7\"><label class=\"wpforms-field-label\" for=\"wpforms-115-field_7\">Fecha<\/label><input type=\"text\" id=\"wpforms-115-field_7\" class=\"wpforms-field-medium\" name=\"wpforms[fields][7]\" ><\/div><\/div><!-- .wpforms-field-container --><div class=\"wpforms-recaptcha-container wpforms-is-recaptcha wpforms-is-recaptcha-type-v3\" ><input type=\"hidden\" name=\"wpforms[recaptcha]\" value=\"\"><\/div><div class=\"wpforms-submit-container\" ><input type=\"hidden\" name=\"wpforms[id]\" value=\"115\"><input type=\"hidden\" name=\"page_title\" value=\"\"><input type=\"hidden\" name=\"page_url\" value=\"https:\/\/asociacionesperanza.com.ar\/eei\/wp-json\/wp\/v2\/pages\/355\"><input type=\"hidden\" name=\"url_referer\" value=\"\"><button type=\"submit\" name=\"wpforms[submit]\" id=\"wpforms-submit-115\" class=\"wpforms-submit\" data-alt-text=\"Enviando...\" data-submit-text=\"Enviar\" aria-live=\"assertive\" value=\"wpforms-submit\">Enviar<\/button><\/div><\/form><\/div>  <!-- .wpforms-container -->\n\n<div class=\"wpforms-container wpforms-container-full wpforms-block wpforms-block-b1af3d92-dbda-473e-8332-690c6f2c65c4\" id=\"wpforms-358\"><form id=\"wpforms-form-358\" class=\"wpforms-validate wpforms-form wpforms-ajax-form\" data-formid=\"358\" method=\"post\" enctype=\"multipart\/form-data\" action=\"\/eei\/wp-json\/wp\/v2\/pages\/355\" data-token=\"6c8347f018495ee294804fc35bfcb793\" data-token-time=\"1778254214\"><noscript class=\"wpforms-error-noscript\">Por favor, activa JavaScript en tu navegador para completar este formulario.<\/noscript><div class=\"wpforms-field-container\"><div id=\"wpforms-358-field_1-container\" class=\"wpforms-field wpforms-field-text\" data-field-id=\"1\"><label class=\"wpforms-field-label\" for=\"wpforms-358-field_1\">NOMBRE Y APELLIDO <span class=\"wpforms-required-label\">*<\/span><\/label><input type=\"text\" id=\"wpforms-358-field_1\" class=\"wpforms-field-medium wpforms-field-required\" name=\"wpforms[fields][1]\" required><\/div><div id=\"wpforms-358-field_2-container\" class=\"wpforms-field wpforms-field-textarea\" data-field-id=\"2\"><label class=\"wpforms-field-label\" for=\"wpforms-358-field_2\">P\u00e1rrafo de texto<\/label><textarea id=\"wpforms-358-field_2\" class=\"wpforms-field-medium\" name=\"wpforms[fields][2]\" ><\/textarea><\/div><div id=\"wpforms-358-field_3-container\" class=\"wpforms-field wpforms-field-radio\" data-field-id=\"3\"><label class=\"wpforms-field-label\">Opciones m\u00faltiples<\/label><ul id=\"wpforms-358-field_3\"><li class=\"choice-1 depth-1\"><input type=\"radio\" id=\"wpforms-358-field_3_1\" name=\"wpforms[fields][3]\" value=\"Primera opci\u00f3n\"  ><label class=\"wpforms-field-label-inline\" for=\"wpforms-358-field_3_1\">Primera opci\u00f3n<\/label><\/li><li class=\"choice-2 depth-1\"><input type=\"radio\" id=\"wpforms-358-field_3_2\" name=\"wpforms[fields][3]\" value=\"Segunda opci\u00f3n\"  ><label class=\"wpforms-field-label-inline\" for=\"wpforms-358-field_3_2\">Segunda opci\u00f3n<\/label><\/li><li class=\"choice-3 depth-1\"><input type=\"radio\" id=\"wpforms-358-field_3_3\" name=\"wpforms[fields][3]\" value=\"Tercera opci\u00f3n\"  ><label class=\"wpforms-field-label-inline\" for=\"wpforms-358-field_3_3\">Tercera opci\u00f3n<\/label><\/li><\/ul><\/div><div id=\"wpforms-358-field_4-container\" class=\"wpforms-field wpforms-field-select wpforms-field-select-style-classic\" data-field-id=\"4\"><label class=\"wpforms-field-label\" for=\"wpforms-358-field_4\">Desplegable<\/label><select id=\"wpforms-358-field_4\" class=\"wpforms-field-medium\" name=\"wpforms[fields][4]\"><option value=\"Primera opci\u00f3n\" >Primera opci\u00f3n<\/option><option value=\"Segunda opci\u00f3n\" >Segunda opci\u00f3n<\/option><option value=\"Tercera opci\u00f3n\" >Tercera opci\u00f3n<\/option><\/select><\/div><\/div><!-- .wpforms-field-container --><div class=\"wpforms-submit-container\" ><input type=\"hidden\" name=\"wpforms[id]\" value=\"358\"><input type=\"hidden\" name=\"page_title\" value=\"\"><input type=\"hidden\" name=\"page_url\" value=\"https:\/\/asociacionesperanza.com.ar\/eei\/wp-json\/wp\/v2\/pages\/355\"><input type=\"hidden\" name=\"url_referer\" value=\"\"><button type=\"submit\" name=\"wpforms[submit]\" id=\"wpforms-submit-358\" class=\"wpforms-submit\" data-alt-text=\"Enviando...\" data-submit-text=\"Enviar\" aria-live=\"assertive\" value=\"wpforms-submit\">Enviar<\/button><img loading=\"lazy\" decoding=\"async\" src=\"https:\/\/asociacionesperanza.com.ar\/eei\/wp-content\/plugins\/wpforms-lite\/assets\/images\/submit-spin.svg\" class=\"wpforms-submit-spinner\" style=\"display: none;\" width=\"26\" height=\"26\" alt=\"Cargando\"><\/div><\/form><\/div>  <!-- .wpforms-container -->","protected":false},"excerpt":{"rendered":"","protected":false},"author":7,"featured_media":0,"parent":0,"menu_order":0,"comment_status":"closed","ping_status":"closed","template":"","meta":{"footnotes":""},"blocksy_meta":[],"_links":{"self":[{"href":"https:\/\/asociacionesperanza.com.ar\/eei\/wp-json\/wp\/v2\/pages\/355"}],"collection":[{"href":"https:\/\/asociacionesperanza.com.ar\/eei\/wp-json\/wp\/v2\/pages"}],"about":[{"href":"https:\/\/asociacionesperanza.com.ar\/eei\/wp-json\/wp\/v2\/types\/page"}],"author":[{"embeddable":true,"href":"https:\/\/asociacionesperanza.com.ar\/eei\/wp-json\/wp\/v2\/users\/7"}],"replies":[{"embeddable":true,"href":"https:\/\/asociacionesperanza.com.ar\/eei\/wp-json\/wp\/v2\/comments?post=355"}],"version-history":[{"count":2,"href":"https:\/\/asociacionesperanza.com.ar\/eei\/wp-json\/wp\/v2\/pages\/355\/revisions"}],"predecessor-version":[{"id":361,"href":"https:\/\/asociacionesperanza.com.ar\/eei\/wp-json\/wp\/v2\/pages\/355\/revisions\/361"}],"wp:attachment":[{"href":"https:\/\/asociacionesperanza.com.ar\/eei\/wp-json\/wp\/v2\/media?parent=355"}],"curies":[{"name":"wp","href":"https:\/\/api.w.org\/{rel}","templated":true}]}}