{"id":410,"date":"2025-03-21T09:00:44","date_gmt":"2025-03-21T12:00:44","guid":{"rendered":"https:\/\/asociacionesperanza.com.ar\/eei\/?page_id=410"},"modified":"2025-03-21T09:00:44","modified_gmt":"2025-03-21T12:00:44","slug":"prueba-formulario","status":"publish","type":"page","link":"https:\/\/asociacionesperanza.com.ar\/eei\/prueba-formulario\/","title":{"rendered":"prueba formulario"},"content":{"rendered":"<div class=\"wpforms-container wpforms-container-full wpforms-block wpforms-block-a784cac1-5700-400a-ad53-edfc46955acc\" id=\"wpforms-402\"><form id=\"wpforms-form-402\" class=\"wpforms-validate wpforms-form wpforms-ajax-form\" data-formid=\"402\" method=\"post\" enctype=\"multipart\/form-data\" action=\"\/eei\/wp-json\/wp\/v2\/pages\/410\" data-token=\"a10db70ca329876ee22cd5fdf4ff9589\" data-token-time=\"1778247864\"><noscript class=\"wpforms-error-noscript\">Por favor, activa JavaScript en tu navegador para completar este formulario.<\/noscript><div class=\"wpforms-field-container\"><div id=\"wpforms-402-field_52-container\" class=\"wpforms-field wpforms-field-radio\" data-field-id=\"52\"><label class=\"wpforms-field-label\">INDIQUE TALLER<\/label><ul id=\"wpforms-402-field_52\"><li class=\"choice-1 depth-1\"><input type=\"radio\" id=\"wpforms-402-field_52_1\" name=\"wpforms[fields][52]\" value=\"MULTIMEDIA\"  ><label class=\"wpforms-field-label-inline\" for=\"wpforms-402-field_52_1\">MULTIMEDIA<\/label><\/li><li class=\"choice-2 depth-1\"><input type=\"radio\" id=\"wpforms-402-field_52_2\" name=\"wpforms[fields][52]\" value=\"HUERTA\"  ><label class=\"wpforms-field-label-inline\" for=\"wpforms-402-field_52_2\">HUERTA<\/label><\/li><li class=\"choice-3 depth-1\"><input type=\"radio\" id=\"wpforms-402-field_52_3\" name=\"wpforms[fields][52]\" value=\"GASTRONOM\u00cdA\"  ><label class=\"wpforms-field-label-inline\" for=\"wpforms-402-field_52_3\">GASTRONOM\u00cdA<\/label><\/li><li class=\"choice-4 depth-1\"><input type=\"radio\" id=\"wpforms-402-field_52_4\" name=\"wpforms[fields][52]\" value=\"TEXTIL\"  ><label class=\"wpforms-field-label-inline\" for=\"wpforms-402-field_52_4\">TEXTIL<\/label><\/li><\/ul><\/div><div id=\"wpforms-402-field_49-container\" class=\"wpforms-field wpforms-field-name\" data-field-id=\"49\"><label class=\"wpforms-field-label\">Nombres y Apellidos <span class=\"wpforms-required-label\">*<\/span><\/label><div class=\"wpforms-field-row wpforms-field-medium\"><div class=\"wpforms-field-row-block wpforms-first wpforms-one-half\"><input type=\"text\" id=\"wpforms-402-field_49\" class=\"wpforms-field-name-first wpforms-field-required\" name=\"wpforms[fields][49][first]\" required><label for=\"wpforms-402-field_49\" class=\"wpforms-field-sublabel after\">Nombre<\/label><\/div><div class=\"wpforms-field-row-block wpforms-one-half\"><input type=\"text\" id=\"wpforms-402-field_49-last\" class=\"wpforms-field-name-last wpforms-field-required\" name=\"wpforms[fields][49][last]\" required><label for=\"wpforms-402-field_49-last\" class=\"wpforms-field-sublabel after\">Apellidos<\/label><\/div><\/div><\/div><div id=\"wpforms-402-field_50-container\" class=\"wpforms-field wpforms-field-number\" data-field-id=\"50\"><label class=\"wpforms-field-label\" for=\"wpforms-402-field_50\">EDAD<\/label><input type=\"number\" id=\"wpforms-402-field_50\" class=\"wpforms-field-medium\" name=\"wpforms[fields][50]\" step=\"any\" ><\/div><div id=\"wpforms-402-field_7-container\" class=\"wpforms-field wpforms-field-text\" data-field-id=\"7\"><label class=\"wpforms-field-label\" for=\"wpforms-402-field_7\">FECHA DE NACIMIENTO <span class=\"wpforms-required-label\">*<\/span><\/label><input type=\"text\" id=\"wpforms-402-field_7\" class=\"wpforms-field-medium wpforms-field-required\" name=\"wpforms[fields][7]\" required><\/div><div id=\"wpforms-402-field_51-container\" class=\"wpforms-field wpforms-field-number\" data-field-id=\"51\"><label class=\"wpforms-field-label\" for=\"wpforms-402-field_51\">DNI<\/label><input type=\"number\" id=\"wpforms-402-field_51\" class=\"wpforms-field-medium\" name=\"wpforms[fields][51]\" step=\"any\" ><\/div><div id=\"wpforms-402-field_8-container\" class=\"wpforms-field wpforms-field-text\" data-field-id=\"8\"><label class=\"wpforms-field-label\" for=\"wpforms-402-field_8\">DOMICILIO <span class=\"wpforms-required-label\">*<\/span><\/label><input type=\"text\" id=\"wpforms-402-field_8\" class=\"wpforms-field-medium wpforms-field-required\" name=\"wpforms[fields][8]\" required><\/div><div id=\"wpforms-402-field_9-container\" class=\"wpforms-field wpforms-field-text\" data-field-id=\"9\"><label class=\"wpforms-field-label\" for=\"wpforms-402-field_9\">OBRA SOCIAL Y NUMERO DE AFILIADA\/O  <span class=\"wpforms-required-label\">*<\/span><\/label><input type=\"text\" id=\"wpforms-402-field_9\" class=\"wpforms-field-medium wpforms-field-required\" name=\"wpforms[fields][9]\" required><\/div><div id=\"wpforms-402-field_17-container\" class=\"wpforms-field wpforms-field-number\" data-field-id=\"17\"><label class=\"wpforms-field-label\" for=\"wpforms-402-field_17\">INDIQUE 2 CONTACTOS TELEF\u00d3NICOS (PRECISAR A QUIEN PERTENECE EL N\u00daMERO DE CELULAR) <span class=\"wpforms-required-label\">*<\/span><\/label><input type=\"number\" id=\"wpforms-402-field_17\" class=\"wpforms-field-medium wpforms-field-required\" name=\"wpforms[fields][17]\" step=\"any\" required><\/div><div id=\"wpforms-402-field_11-container\" class=\"wpforms-field wpforms-field-text\" data-field-id=\"11\"><label class=\"wpforms-field-label\" for=\"wpforms-402-field_11\">CORREO ELECTR\u00d3NICO DE ALG\u00daN FAMILIAR O REFERENTE EN LA ESCUELA  <span class=\"wpforms-required-label\">*<\/span><\/label><input type=\"text\" id=\"wpforms-402-field_11\" class=\"wpforms-field-medium wpforms-field-required\" name=\"wpforms[fields][11]\" required><\/div><div id=\"wpforms-402-field_13-container\" class=\"wpforms-field wpforms-field-radio\" data-field-id=\"13\"><label class=\"wpforms-field-label\">\u00bfTIENE CERTIFICADO DE DISCAPACIDAD (CUD)? <span class=\"wpforms-required-label\">*<\/span><\/label><ul id=\"wpforms-402-field_13\" class=\"wpforms-field-required\"><li class=\"choice-1 depth-1\"><input type=\"radio\" id=\"wpforms-402-field_13_1\" name=\"wpforms[fields][13]\" value=\"Si\" required ><label class=\"wpforms-field-label-inline\" for=\"wpforms-402-field_13_1\">Si<\/label><\/li><li class=\"choice-2 depth-1\"><input type=\"radio\" id=\"wpforms-402-field_13_2\" name=\"wpforms[fields][13]\" value=\"NO\" required ><label class=\"wpforms-field-label-inline\" for=\"wpforms-402-field_13_2\">NO<\/label><\/li><\/ul><\/div><div id=\"wpforms-402-field_14-container\" class=\"wpforms-field wpforms-field-text\" data-field-id=\"14\"><label class=\"wpforms-field-label\" for=\"wpforms-402-field_14\">ESCRIBA EL DIAGN\u00d3STICO COMO FIGURA EN EL CERTIFICADO DE DISCAPACIDAD <span class=\"wpforms-required-label\">*<\/span><\/label><input type=\"text\" id=\"wpforms-402-field_14\" class=\"wpforms-field-medium wpforms-field-required\" name=\"wpforms[fields][14]\" required><\/div><div id=\"wpforms-402-field_19-container\" class=\"wpforms-field wpforms-field-number\" data-field-id=\"19\"><label class=\"wpforms-field-label\" for=\"wpforms-402-field_19\">INDIQUE EL VENCIMIENTO \/ ACTUALIZACI\u00d3N DEL CERTIFICADO DE DISCAPACIDAD <span class=\"wpforms-required-label\">*<\/span><\/label><input type=\"number\" id=\"wpforms-402-field_19\" class=\"wpforms-field-medium wpforms-field-required\" name=\"wpforms[fields][19]\" step=\"any\" required><\/div><div id=\"wpforms-402-field_21-container\" class=\"wpforms-field wpforms-field-textarea\" data-field-id=\"21\"><label class=\"wpforms-field-label\" for=\"wpforms-402-field_21\">GRUPO FAMILIAR CONVIVIENTE.  INDICAR NOMBRE Y APELLIDO, V\u00cdNCULO (MADRE, PADRE, HERMANO, OTRO), EDAD DE LAS PERSONAS QUE CONVIVEN CON EL ADOLESCENTE. <span class=\"wpforms-required-label\">*<\/span><\/label><textarea id=\"wpforms-402-field_21\" class=\"wpforms-field-medium wpforms-field-required\" name=\"wpforms[fields][21]\" required><\/textarea><\/div><div id=\"wpforms-402-field_22-container\" class=\"wpforms-field wpforms-field-textarea\" data-field-id=\"22\"><label class=\"wpforms-field-label\" for=\"wpforms-402-field_22\">SITUACI\u00d3N LABORAL. Referir lugar y horarios de trabajo de los progenitores o adultos responsables.   <span class=\"wpforms-required-label\">*<\/span><\/label><textarea id=\"wpforms-402-field_22\" class=\"wpforms-field-medium wpforms-field-required\" name=\"wpforms[fields][22]\" required><\/textarea><\/div><div id=\"wpforms-402-field_32-container\" class=\"wpforms-field wpforms-field-radio\" data-field-id=\"32\"><label class=\"wpforms-field-label\">LA\/EL ESTUDIANTE \u00bfpercibe la pensi\u00f3n no contributiva?  <span class=\"wpforms-required-label\">*<\/span><\/label><ul id=\"wpforms-402-field_32\" class=\"wpforms-field-required\"><li class=\"choice-1 depth-1\"><input type=\"radio\" id=\"wpforms-402-field_32_1\" name=\"wpforms[fields][32]\" value=\"SI\" required ><label class=\"wpforms-field-label-inline\" for=\"wpforms-402-field_32_1\">SI<\/label><\/li><li class=\"choice-2 depth-1\"><input type=\"radio\" id=\"wpforms-402-field_32_2\" name=\"wpforms[fields][32]\" value=\"NO\" required ><label class=\"wpforms-field-label-inline\" for=\"wpforms-402-field_32_2\">NO<\/label><\/li><\/ul><\/div><div id=\"wpforms-402-field_37-container\" class=\"wpforms-field wpforms-field-select wpforms-field-select-style-classic\" data-field-id=\"37\"><label class=\"wpforms-field-label\" for=\"wpforms-402-field_37\">SITUACI\u00d3N HABITACIONAL. Indicar si la vivienda donde reside es: <span class=\"wpforms-required-label\">*<\/span><\/label><select id=\"wpforms-402-field_37\" class=\"wpforms-field-medium wpforms-field-required\" name=\"wpforms[fields][37]\" required=\"required\"><option value=\"PROPIA\" >PROPIA<\/option><option value=\"ALQUILADA\" >ALQUILADA<\/option><option value=\"CEDIDA\" >CEDIDA<\/option><option value=\"PRESTADA\" >PRESTADA<\/option><\/select><\/div><div id=\"wpforms-402-field_34-container\" class=\"wpforms-field wpforms-field-checkbox\" data-field-id=\"34\"><label class=\"wpforms-field-label\">SITUACI\u00d3N HABITACIONAL: POSEE LOS SIGUIENTES SERVICIOS <span class=\"wpforms-required-label\">*<\/span><\/label><ul id=\"wpforms-402-field_34\" class=\"wpforms-field-required\"><li class=\"choice-1 depth-1\"><input type=\"checkbox\" id=\"wpforms-402-field_34_1\" name=\"wpforms[fields][34][]\" value=\"LUZ\" required ><label class=\"wpforms-field-label-inline\" for=\"wpforms-402-field_34_1\">LUZ<\/label><\/li><li class=\"choice-2 depth-1\"><input type=\"checkbox\" id=\"wpforms-402-field_34_2\" name=\"wpforms[fields][34][]\" value=\"AGUA\" required ><label class=\"wpforms-field-label-inline\" for=\"wpforms-402-field_34_2\">AGUA<\/label><\/li><li class=\"choice-3 depth-1\"><input type=\"checkbox\" id=\"wpforms-402-field_34_3\" name=\"wpforms[fields][34][]\" value=\"GAS NATURAL\" required ><label class=\"wpforms-field-label-inline\" for=\"wpforms-402-field_34_3\">GAS NATURAL<\/label><\/li><li class=\"choice-4 depth-1\"><input type=\"checkbox\" id=\"wpforms-402-field_34_4\" name=\"wpforms[fields][34][]\" value=\"GAS (GARRAFA)\" required ><label class=\"wpforms-field-label-inline\" for=\"wpforms-402-field_34_4\">GAS (GARRAFA)<\/label><\/li><li class=\"choice-5 depth-1\"><input type=\"checkbox\" id=\"wpforms-402-field_34_5\" name=\"wpforms[fields][34][]\" value=\"INTERNET\" required ><label class=\"wpforms-field-label-inline\" for=\"wpforms-402-field_34_5\">INTERNET<\/label><\/li><\/ul><\/div><div id=\"wpforms-402-field_27-container\" class=\"wpforms-field wpforms-field-textarea\" data-field-id=\"27\"><label class=\"wpforms-field-label\" for=\"wpforms-402-field_27\">SITUACI\u00d3N HABITACIONAL. Referir la cantidad de dormitorios (sin contar cocina y comedor).  <span class=\"wpforms-required-label\">*<\/span><\/label><textarea id=\"wpforms-402-field_27\" class=\"wpforms-field-medium wpforms-field-required\" name=\"wpforms[fields][27]\" required><\/textarea><\/div><div id=\"wpforms-402-field_28-container\" class=\"wpforms-field wpforms-field-textarea\" data-field-id=\"28\"><label class=\"wpforms-field-label\" for=\"wpforms-402-field_28\">SITUACI\u00d3N HABITACIONAL. Indicar con quien duerme el\/la concurrente, si comparte habitaci\u00f3n. Aclarar si tiene alg\u00fan problema para conciliar el sue\u00f1o. <span class=\"wpforms-required-label\">*<\/span><\/label><textarea id=\"wpforms-402-field_28\" class=\"wpforms-field-medium wpforms-field-required\" name=\"wpforms[fields][28]\" required><\/textarea><\/div><div id=\"wpforms-402-field_29-container\" class=\"wpforms-field wpforms-field-textarea\" data-field-id=\"29\"><label class=\"wpforms-field-label\" for=\"wpforms-402-field_29\">SALUD Nombrar los m\u00e9dicos de cabecera que atienden al ni\u00f1o\/a. <span class=\"wpforms-required-label\">*<\/span><\/label><textarea id=\"wpforms-402-field_29\" class=\"wpforms-field-medium wpforms-field-required\" name=\"wpforms[fields][29]\" required><\/textarea><\/div><div id=\"wpforms-402-field_30-container\" class=\"wpforms-field wpforms-field-textarea\" data-field-id=\"30\"><label class=\"wpforms-field-label\" for=\"wpforms-402-field_30\">INDICAR MEDICACI\u00d3N. ESQUEMA DE MEDICACI\u00d3N .QUIEN REALIZA EL CONTROL DE DICHA MEDICACI\u00d3N <span class=\"wpforms-required-label\">*<\/span><\/label><textarea id=\"wpforms-402-field_30\" class=\"wpforms-field-medium wpforms-field-required\" name=\"wpforms[fields][30]\" required><\/textarea><\/div><div id=\"wpforms-402-field_31-container\" class=\"wpforms-field wpforms-field-textarea\" data-field-id=\"31\"><label class=\"wpforms-field-label\" for=\"wpforms-402-field_31\">INDICAR SI TIENE ALERGIAS, ALGUNA ENFERMEDAD CR\u00d3NICA, O SITUACI\u00d3N DE SALUD QUE NO EST\u00c9 INDICADA EN SU CERTIFICADO DE DISCAPACIDAD. <span class=\"wpforms-required-label\">*<\/span><\/label><textarea id=\"wpforms-402-field_31\" class=\"wpforms-field-medium wpforms-field-required\" name=\"wpforms[fields][31]\" required><\/textarea><\/div><div id=\"wpforms-402-field_41-container\" class=\"wpforms-field wpforms-field-checkbox\" data-field-id=\"41\"><label class=\"wpforms-field-label\">INDICAR SI EN ESTAS HABILIDADES, SU HIJO ES AUT\u00d3NOMO  <span class=\"wpforms-required-label\">*<\/span><\/label><ul id=\"wpforms-402-field_41\" class=\"wpforms-field-required\"><li class=\"choice-1 depth-1\"><input type=\"checkbox\" id=\"wpforms-402-field_41_1\" name=\"wpforms[fields][41][]\" value=\"ALIMENTACI\u00d3N\" required ><label class=\"wpforms-field-label-inline\" for=\"wpforms-402-field_41_1\">ALIMENTACI\u00d3N<\/label><\/li><li class=\"choice-2 depth-1\"><input type=\"checkbox\" id=\"wpforms-402-field_41_2\" name=\"wpforms[fields][41][]\" value=\"VESTIMENTA\" required ><label class=\"wpforms-field-label-inline\" for=\"wpforms-402-field_41_2\">VESTIMENTA<\/label><\/li><li class=\"choice-3 depth-1\"><input type=\"checkbox\" id=\"wpforms-402-field_41_3\" name=\"wpforms[fields][41][]\" value=\"HIGIENE PERSONAL\" required ><label class=\"wpforms-field-label-inline\" for=\"wpforms-402-field_41_3\">HIGIENE PERSONAL<\/label><\/li><\/ul><\/div>\t\t<div id=\"wpforms-402-field_1-container\"\n\t\t\tclass=\"wpforms-field wpforms-field-text\"\n\t\t\tdata-field-type=\"text\"\n\t\t\tdata-field-id=\"1\"\n\t\t\t>\n\t\t\t<label class=\"wpforms-field-label\" for=\"wpforms-402-field_1\" >SALUD VENCIMIENTO Nombrar<\/label>\n\t\t\t<input type=\"text\" id=\"wpforms-402-field_1\" class=\"wpforms-field-medium\" name=\"wpforms[fields][1]\" >\n\t\t<\/div>\n\t\t<div id=\"wpforms-402-field_42-container\" class=\"wpforms-field wpforms-field-textarea\" data-field-id=\"42\"><label class=\"wpforms-field-label\" for=\"wpforms-402-field_42\">ACTIVIDADES EN EL HOGAR  ( Nombrar que tipo de actividades realiza en el hogar y el grado de autonom\u00eda)  <span class=\"wpforms-required-label\">*<\/span><\/label><textarea id=\"wpforms-402-field_42\" class=\"wpforms-field-medium wpforms-field-required\" name=\"wpforms[fields][42]\" required><\/textarea><\/div><div id=\"wpforms-402-field_43-container\" class=\"wpforms-field wpforms-field-textarea\" data-field-id=\"43\"><label class=\"wpforms-field-label\" for=\"wpforms-402-field_43\">INDICAR SI SU HIJO ES AUT\u00d3NOMO EN EL MANEJO DEL DINERO Y EN EL TRASLADO <span class=\"wpforms-required-label\">*<\/span><\/label><textarea id=\"wpforms-402-field_43\" class=\"wpforms-field-medium wpforms-field-required\" name=\"wpforms[fields][43]\" required><\/textarea><\/div><div id=\"wpforms-402-field_44-container\" class=\"wpforms-field wpforms-field-textarea\" data-field-id=\"44\"><label class=\"wpforms-field-label\" for=\"wpforms-402-field_44\">\u00bfREALIZA ACTIVIDADES RECREATIVAS? ( Deporte, arte, social, etc). indicar que actividad, d\u00f3nde, horarios. <span class=\"wpforms-required-label\">*<\/span><\/label><textarea id=\"wpforms-402-field_44\" class=\"wpforms-field-medium wpforms-field-required\" name=\"wpforms[fields][44]\" required><\/textarea><\/div><div id=\"wpforms-402-field_46-container\" class=\"wpforms-field wpforms-field-textarea\" data-field-id=\"46\"><label class=\"wpforms-field-label\" for=\"wpforms-402-field_46\">INDICAR C\u00d3MO ES SU VIDA SOCIAL: se junta con amigas\/os, actividades que realiza con los\/las amigos\/as. * <span class=\"wpforms-required-label\">*<\/span><\/label><textarea id=\"wpforms-402-field_46\" class=\"wpforms-field-medium wpforms-field-required\" name=\"wpforms[fields][46]\" required><\/textarea><\/div><div id=\"wpforms-402-field_47-container\" class=\"wpforms-field wpforms-field-textarea\" data-field-id=\"47\"><label class=\"wpforms-field-label\" for=\"wpforms-402-field_47\">DETALLAR TERAPIAS EXTERNAS  QUE REALIZA: qu\u00e9 tipo de terapia, nombre de la\/el profesional, lugar d\u00f3nde realiza, d\u00edas y horarios, tel\u00e9fono de contacto. <span class=\"wpforms-required-label\">*<\/span><\/label><textarea id=\"wpforms-402-field_47\" class=\"wpforms-field-medium wpforms-field-required\" name=\"wpforms[fields][47]\" required><\/textarea><\/div><div id=\"wpforms-402-field_48-container\" class=\"wpforms-field wpforms-field-textarea\" data-field-id=\"48\"><label class=\"wpforms-field-label\" for=\"wpforms-402-field_48\">OBSERVACIONES\/COMENTARIOS\/SUGERENCIAS <span class=\"wpforms-required-label\">*<\/span><\/label><textarea id=\"wpforms-402-field_48\" class=\"wpforms-field-medium wpforms-field-required\" name=\"wpforms[fields][48]\" required><\/textarea><\/div><script>\n\t\t\t\t( function() {\n\t\t\t\t\tconst style = document.createElement( 'style' );\n\t\t\t\t\tstyle.appendChild( document.createTextNode( '#wpforms-402-field_1-container { position: absolute !important; overflow: hidden !important; display: inline !important; height: 1px !important; width: 1px !important; z-index: -1000 !important; padding: 0 !important; } #wpforms-402-field_1-container input { visibility: hidden; } #wpforms-conversational-form-page #wpforms-402-field_1-container label { counter-increment: none; }' ) );\n\t\t\t\t\tdocument.head.appendChild( style );\n\t\t\t\t\tdocument.currentScript?.remove();\n\t\t\t\t} )();\n\t\t\t<\/script><\/div><!-- .wpforms-field-container --><div class=\"wpforms-submit-container\" ><input type=\"hidden\" name=\"wpforms[id]\" value=\"402\"><input type=\"hidden\" name=\"page_title\" value=\"\"><input type=\"hidden\" name=\"page_url\" value=\"https:\/\/asociacionesperanza.com.ar\/eei\/wp-json\/wp\/v2\/pages\/410\"><input type=\"hidden\" name=\"url_referer\" value=\"\"><button type=\"submit\" name=\"wpforms[submit]\" id=\"wpforms-submit-402\" class=\"wpforms-submit\" data-alt-text=\"Enviando...\" data-submit-text=\"Enviar\" aria-live=\"assertive\" value=\"wpforms-submit\">Enviar<\/button><img loading=\"lazy\" decoding=\"async\" src=\"https:\/\/asociacionesperanza.com.ar\/eei\/wp-content\/plugins\/wpforms-lite\/assets\/images\/submit-spin.svg\" class=\"wpforms-submit-spinner\" style=\"display: none;\" width=\"26\" height=\"26\" alt=\"Cargando\"><\/div><\/form><\/div>  <!-- .wpforms-container -->","protected":false},"excerpt":{"rendered":"","protected":false},"author":7,"featured_media":0,"parent":0,"menu_order":0,"comment_status":"closed","ping_status":"closed","template":"","meta":{"footnotes":""},"blocksy_meta":[],"_links":{"self":[{"href":"https:\/\/asociacionesperanza.com.ar\/eei\/wp-json\/wp\/v2\/pages\/410"}],"collection":[{"href":"https:\/\/asociacionesperanza.com.ar\/eei\/wp-json\/wp\/v2\/pages"}],"about":[{"href":"https:\/\/asociacionesperanza.com.ar\/eei\/wp-json\/wp\/v2\/types\/page"}],"author":[{"embeddable":true,"href":"https:\/\/asociacionesperanza.com.ar\/eei\/wp-json\/wp\/v2\/users\/7"}],"replies":[{"embeddable":true,"href":"https:\/\/asociacionesperanza.com.ar\/eei\/wp-json\/wp\/v2\/comments?post=410"}],"version-history":[{"count":1,"href":"https:\/\/asociacionesperanza.com.ar\/eei\/wp-json\/wp\/v2\/pages\/410\/revisions"}],"predecessor-version":[{"id":411,"href":"https:\/\/asociacionesperanza.com.ar\/eei\/wp-json\/wp\/v2\/pages\/410\/revisions\/411"}],"wp:attachment":[{"href":"https:\/\/asociacionesperanza.com.ar\/eei\/wp-json\/wp\/v2\/media?parent=410"}],"curies":[{"name":"wp","href":"https:\/\/api.w.org\/{rel}","templated":true}]}}