{"id":15,"date":"2020-09-01T04:13:57","date_gmt":"2020-09-01T04:13:57","guid":{"rendered":"https:\/\/asociacionesperanza.com.ar\/ipcl\/?page_id=15"},"modified":"2025-09-10T23:26:11","modified_gmt":"2025-09-10T23:26:11","slug":"contacto","status":"publish","type":"page","link":"https:\/\/asociacionesperanza.com.ar\/ipcl\/contacto\/","title":{"rendered":"Contacto"},"content":{"rendered":"\n<p>Direcci\u00f3n: Armani 1556 &#8211; Godoy Cruz &#8211; Mendoza<\/p>\n\n\n\n<p>Tel\u00e9fono: 261 610 9958 &#8211; Tel\/Fax: (0261) 4286744 \/ 4280888 (Administraci\u00f3n: Armani 1120)<\/p>\n\n\n\n<p class=\"has-text-color\" style=\"color:#a30023\"><strong> Por favor utilice el formulario para contactarse con direcci\u00f3n o equipo t\u00e9cnico.<\/strong><\/p>\n\n\n<div class=\"wpforms-container wpforms-container-full wpforms-block wpforms-block-74b4407c-968e-4506-bad8-0ac565e220b3\" id=\"wpforms-24\"><form id=\"wpforms-form-24\" class=\"wpforms-validate wpforms-form\" data-formid=\"24\" method=\"post\" enctype=\"multipart\/form-data\" action=\"\/ipcl\/wp-json\/wp\/v2\/pages\/15\" data-token=\"072708031708651c50cd12fa9e8ec5e9\" data-token-time=\"1778247938\"><noscript class=\"wpforms-error-noscript\">Por favor, activa JavaScript en tu navegador para completar este formulario.<\/noscript><div class=\"wpforms-field-container\"><div id=\"wpforms-24-field_0-container\" class=\"wpforms-field wpforms-field-name\" data-field-id=\"0\"><label class=\"wpforms-field-label\">Nombre <span class=\"wpforms-required-label\">*<\/span><\/label><div class=\"wpforms-field-row wpforms-field-medium\"><div class=\"wpforms-field-row-block wpforms-first wpforms-one-half\"><input type=\"text\" id=\"wpforms-24-field_0\" class=\"wpforms-field-name-first wpforms-field-required\" name=\"wpforms[fields][0][first]\" required><label for=\"wpforms-24-field_0\" class=\"wpforms-field-sublabel after\">Nombre<\/label><\/div><div class=\"wpforms-field-row-block wpforms-one-half\"><input type=\"text\" id=\"wpforms-24-field_0-last\" class=\"wpforms-field-name-last wpforms-field-required\" name=\"wpforms[fields][0][last]\" required><label for=\"wpforms-24-field_0-last\" class=\"wpforms-field-sublabel after\">Apellidos<\/label><\/div><\/div><\/div><div id=\"wpforms-24-field_1-container\" class=\"wpforms-field wpforms-field-email\" data-field-id=\"1\"><label class=\"wpforms-field-label\" for=\"wpforms-24-field_1\">Correo electr\u00f3nico (si no utiliza habitualmente el correo, por favor deje n\u00famero de contacto)<\/label><input type=\"email\" id=\"wpforms-24-field_1\" class=\"wpforms-field-medium\" name=\"wpforms[fields][1]\" spellcheck=\"false\" ><\/div><div id=\"wpforms-24-field_3-container\" class=\"wpforms-field wpforms-field-number\" data-field-id=\"3\"><label class=\"wpforms-field-label\" for=\"wpforms-24-field_3\">Tel\u00e9fono <span class=\"wpforms-required-label\">*<\/span><\/label><input type=\"number\" id=\"wpforms-24-field_3\" class=\"wpforms-field-medium wpforms-field-required\" name=\"wpforms[fields][3]\" step=\"any\" required><\/div><div id=\"wpforms-24-field_2-container\" class=\"wpforms-field wpforms-field-textarea\" data-field-id=\"2\"><label class=\"wpforms-field-label\" for=\"wpforms-24-field_2\">Comentario o mensaje <span class=\"wpforms-required-label\">*<\/span><\/label><textarea id=\"wpforms-24-field_2\" class=\"wpforms-field-medium wpforms-field-required\" name=\"wpforms[fields][2]\" required><\/textarea><\/div><\/div><!-- .wpforms-field-container --><div class=\"wpforms-recaptcha-container wpforms-is-recaptcha wpforms-is-recaptcha-type-v3\" ><input type=\"hidden\" name=\"wpforms[recaptcha]\" value=\"\"><\/div><div class=\"wpforms-submit-container\" ><input type=\"hidden\" name=\"wpforms[id]\" value=\"24\"><input type=\"hidden\" name=\"page_title\" value=\"\"><input type=\"hidden\" name=\"page_url\" value=\"https:\/\/asociacionesperanza.com.ar\/ipcl\/wp-json\/wp\/v2\/pages\/15\"><input type=\"hidden\" name=\"url_referer\" value=\"\"><button type=\"submit\" name=\"wpforms[submit]\" id=\"wpforms-submit-24\" class=\"wpforms-submit\" data-alt-text=\"Enviando...\" data-submit-text=\"Enviar\" aria-live=\"assertive\" value=\"wpforms-submit\">Enviar<\/button><\/div><\/form><\/div>  <!-- .wpforms-container -->\n\n\n<div class=\"mapouter\"><div class=\"gmap_canvas\"><iframe loading=\"lazy\" width=\"695\" height=\"206\" id=\"gmap_canvas\" src=\"https:\/\/maps.google.com\/maps?q=Asociaci%C3%B3n%20esperanza%20-%20ipcl&amp;t=&amp;z=15&amp;ie=UTF8&amp;iwloc=&amp;output=embed\" frameborder=\"0\" scrolling=\"no\" marginheight=\"0\" marginwidth=\"0\"><\/iframe><a href=\"https:\/\/www.embedgooglemap.net\">google map generator<\/a><\/div><style>.mapouter{position:relative;text-align:right;height:206px;width:695px;}.gmap_canvas {overflow:hidden;background:none!important;height:206px;width:695px;}<\/style><\/div>\n","protected":false},"excerpt":{"rendered":"<p>Direcci\u00f3n: Armani 1556 &#8211; Godoy Cruz &#8211; Mendoza Tel\u00e9fono: 261 610 9958 &#8211; Tel\/Fax: (0261) 4286744 \/ 4280888 (Administraci\u00f3n: Armani 1120) Por favor utilice el formulario para contactarse con direcci\u00f3n o equipo t\u00e9cnico. google map generator<\/p>\n","protected":false},"author":2,"featured_media":0,"parent":0,"menu_order":0,"comment_status":"closed","ping_status":"closed","template":"","meta":{"footnotes":""},"class_list":["post-15","page","type-page","status-publish","hentry"],"blocksy_meta":{"styles_descriptor":{"styles":{"desktop":"","tablet":"","mobile":""},"google_fonts":[],"version":6}},"_links":{"self":[{"href":"https:\/\/asociacionesperanza.com.ar\/ipcl\/wp-json\/wp\/v2\/pages\/15","targetHints":{"allow":["GET"]}}],"collection":[{"href":"https:\/\/asociacionesperanza.com.ar\/ipcl\/wp-json\/wp\/v2\/pages"}],"about":[{"href":"https:\/\/asociacionesperanza.com.ar\/ipcl\/wp-json\/wp\/v2\/types\/page"}],"author":[{"embeddable":true,"href":"https:\/\/asociacionesperanza.com.ar\/ipcl\/wp-json\/wp\/v2\/users\/2"}],"replies":[{"embeddable":true,"href":"https:\/\/asociacionesperanza.com.ar\/ipcl\/wp-json\/wp\/v2\/comments?post=15"}],"version-history":[{"count":8,"href":"https:\/\/asociacionesperanza.com.ar\/ipcl\/wp-json\/wp\/v2\/pages\/15\/revisions"}],"predecessor-version":[{"id":149,"href":"https:\/\/asociacionesperanza.com.ar\/ipcl\/wp-json\/wp\/v2\/pages\/15\/revisions\/149"}],"wp:attachment":[{"href":"https:\/\/asociacionesperanza.com.ar\/ipcl\/wp-json\/wp\/v2\/media?parent=15"}],"curies":[{"name":"wp","href":"https:\/\/api.w.org\/{rel}","templated":true}]}}