{"id":6,"date":"2020-09-01T04:11:08","date_gmt":"2020-09-01T04:11:08","guid":{"rendered":"https:\/\/asociacionesperanza.com.ar\/ipcl\/?page_id=6"},"modified":"2025-09-10T23:24:21","modified_gmt":"2025-09-10T23:24:21","slug":"ipcl","status":"publish","type":"page","link":"https:\/\/asociacionesperanza.com.ar\/ipcl\/","title":{"rendered":"IPCL"},"content":{"rendered":"\n<h2 class=\"wp-block-heading\">Instituto Privado de Capacitaci\u00f3n Laboral<\/h2>\n\n\n\n<h4 class=\"wp-block-heading\">MISI\u00d3N<\/h4>\n\n\n\n<p>Que las personas con discapacidad intelectual &#8211; j\u00f3venes y adultos- , logren un mejor desempe\u00f1o en las diferentes \u00e1reas de la vida cotidiana, mediante la capacitaci\u00f3n en los distintos cursos e implementaci\u00f3n de actividades art\u00edsticas, y recreativas, promoviendo de esta manera, espacios donde las personas beneficiarias de nuestro servicio, puedan maximizar el desarrollo de sus potencialidades interactuando en forma directa y permanente con su entorno familiar y social.<\/p>\n\n\n\n<h4 class=\"wp-block-heading\">DESTINATARIOS<\/h4>\n\n\n\n<p>Los destinatarios del proyecto del IPCL son los j\u00f3venes adultos con discapacidad intelectual 18 a 25 a\u00f1os.<\/p>\n\n\n\n<h4 class=\"wp-block-heading\">REQUISITOS<\/h4>\n\n\n\n<p>Ser mayor de 18 a\u00f1os y menor de 25 para el ingreso.<\/p>\n\n\n\n<p>Tener CUD ( Certificado \u00fanico de Discapacidad)<\/p>\n\n\n\n<p>Se capacitar\u00e1 en:<\/p>\n\n\n\n<h4 class=\"wp-block-heading\">CURSOS CON CERTIFICACI\u00d3N DE LA DIRECCI\u00d3N GENERAL DE ESCUELA:<\/h4>\n\n\n\n<ul class=\"wp-block-list\"><li>ARTES APLICADAS<\/li><li>COCINA<\/li><li>INFORM\u00c1TICA<\/li><\/ul>\n\n\n\n<h4 class=\"wp-block-heading\">TALLERES COMPLEMETARIOS<\/h4>\n\n\n\n<ul class=\"wp-block-list\"><li>Taller de Competencias Cognitivas y Emocionales<\/li><li>Habilidades sociales y laborales<\/li><\/ul>\n\n\n\n<h3 class=\"wp-block-heading\">CICLOS IPCL <\/h3>\n\n\n\n<p>Primer ciclo: \u201cOrientaci\u00f3n y pre-capacitaci\u00f3n\u201d<\/p>\n\n\n\n<p>Duraci\u00f3n: 6 meses<\/p>\n\n\n\n<p>Acciones:<\/p>\n\n\n\n<ol class=\"wp-block-list\"><li>Orientaci\u00f3n al aspirante al Taller de acuerdo a sus posibilidades e intereses.<\/li><li>Se elaborar\u00e1 un pre-contrato por el per\u00edodo de seis meses a fin de constatar que el aspirante re\u00fane los requisitos y cumple con los objetivos planteados por el Centro. Luego de finalizado este per\u00edodo se determinar\u00e1 la inserci\u00f3n del joven-adulto a un taller de capacitaci\u00f3n o a un taller productivo.<\/li><li>En el caso que el joven \u2013adulto sea aspirante de los talleres de capacitaci\u00f3n luego de finalizado el per\u00edodo de 18 meses podr\u00e1 realizar las pasant\u00edas laborales.<\/li><li>Dentro de cada Taller se aleccionar\u00e1 al aspirante en h\u00e1bitos de trabajo (los mismos se encuentran detallados en los planes de acci\u00f3n de cada Taller).<\/li><\/ol>\n\n\n\n<h3 class=\"wp-block-heading\">\u201cCapacitaci\u00f3n. Formaci\u00f3n profesional espec\u00edfica\u201d<\/h3>\n\n\n\n<p>Duraci\u00f3n: 12-18 meses<\/p>\n\n\n\n<p>Acciones:<\/p>\n\n\n\n<ol class=\"wp-block-list\"><li>Capacitar en acciones espec\u00edficas de cada Taller.<\/li><li>Afianzar h\u00e1bitos de trabajo.<\/li><li>Alcanzar una autonom\u00eda necesaria para desempe\u00f1arse laboralmente.<\/li><li>Inserci\u00f3n y acompa\u00f1amiento terap\u00e9utico al puesto de trabajo.<\/li><li>Taller de Cocina y Panificaci\u00f3n<\/li><li>Taller de Inform\u00e1tica<\/li><li>Taller de Papel: Reciclado, gr\u00e1fica y artesan\u00edas<\/li><\/ol>\n\n\n\n<p><\/p>\n","protected":false},"excerpt":{"rendered":"<p>Instituto Privado de Capacitaci\u00f3n Laboral MISI\u00d3N Que las personas con discapacidad intelectual &#8211; j\u00f3venes y adultos- , logren un mejor desempe\u00f1o en las diferentes \u00e1reas de la vida cotidiana, mediante la capacitaci\u00f3n en los distintos cursos e implementaci\u00f3n de actividades art\u00edsticas, y recreativas, promoviendo de esta manera, espacios donde las personas beneficiarias de nuestro servicio, [&hellip;]<\/p>\n","protected":false},"author":2,"featured_media":0,"parent":0,"menu_order":0,"comment_status":"closed","ping_status":"closed","template":"","meta":{"footnotes":""},"class_list":["post-6","page","type-page","status-publish","hentry"],"blocksy_meta":{"styles_descriptor":{"styles":{"desktop":"","tablet":"","mobile":""},"google_fonts":[],"version":6}},"_links":{"self":[{"href":"https:\/\/asociacionesperanza.com.ar\/ipcl\/wp-json\/wp\/v2\/pages\/6","targetHints":{"allow":["GET"]}}],"collection":[{"href":"https:\/\/asociacionesperanza.com.ar\/ipcl\/wp-json\/wp\/v2\/pages"}],"about":[{"href":"https:\/\/asociacionesperanza.com.ar\/ipcl\/wp-json\/wp\/v2\/types\/page"}],"author":[{"embeddable":true,"href":"https:\/\/asociacionesperanza.com.ar\/ipcl\/wp-json\/wp\/v2\/users\/2"}],"replies":[{"embeddable":true,"href":"https:\/\/asociacionesperanza.com.ar\/ipcl\/wp-json\/wp\/v2\/comments?post=6"}],"version-history":[{"count":8,"href":"https:\/\/asociacionesperanza.com.ar\/ipcl\/wp-json\/wp\/v2\/pages\/6\/revisions"}],"predecessor-version":[{"id":147,"href":"https:\/\/asociacionesperanza.com.ar\/ipcl\/wp-json\/wp\/v2\/pages\/6\/revisions\/147"}],"wp:attachment":[{"href":"https:\/\/asociacionesperanza.com.ar\/ipcl\/wp-json\/wp\/v2\/media?parent=6"}],"curies":[{"name":"wp","href":"https:\/\/api.w.org\/{rel}","templated":true}]}}