{"id":101,"date":"2020-10-21T01:34:12","date_gmt":"2020-10-21T04:34:12","guid":{"rendered":"https:\/\/asociacionesperanza.com.ar\/primario\/?page_id=101"},"modified":"2020-11-20T12:34:34","modified_gmt":"2020-11-20T15:34:34","slug":"socio-voluntario","status":"publish","type":"page","link":"https:\/\/asociacionesperanza.com.ar\/primario\/socio-voluntario\/","title":{"rendered":"Socio voluntario"},"content":{"rendered":"\n<p>Estimado Padre, madre, tutor:<\/p>\n\n\n\n<p><br>     La Comisi\u00f3n Directiva de la Asociaci\u00f3n Esperanza le informa que a partir del ciclo lectivo 2021 Usted puede ELEGIR LIBREMENTE ADHERIRSE VOLUNTARIAMENTE COMO SOCIO DE LA ASOCIACI\u00d3N ESPERANZA.<\/p>\n\n\n\n<p><br>LA ADHESI\u00d3N IMPLICA EL PAGO DE LA CUOTA SOCIAL ANUAL DE $ 300 <\/p>\n\n\n\n<p>Y LA ASISTENCIA A LAS REUNIONES QUE CONVOQUE LA COMISI\u00d3N DIRECTIVA.<\/p>\n\n\n<div class=\"wpforms-container wpforms-container-full wpforms-block\" id=\"wpforms-103\"><form id=\"wpforms-form-103\" class=\"wpforms-validate wpforms-form\" data-formid=\"103\" method=\"post\" enctype=\"multipart\/form-data\" action=\"\/primario\/wp-json\/wp\/v2\/pages\/101\" data-token=\"52884f6372eaea2a2a35fbeb4f0037ce\" data-token-time=\"1777228891\"><noscript class=\"wpforms-error-noscript\">Por favor, activa JavaScript en tu navegador para completar este formulario.<\/noscript><div class=\"wpforms-field-container\"><div id=\"wpforms-103-field_1-container\" class=\"wpforms-field wpforms-field-name\" data-field-id=\"1\"><label class=\"wpforms-field-label\" for=\"wpforms-103-field_1\">Nombres y Apellidos del Alumno <span class=\"wpforms-required-label\">*<\/span><\/label><div class=\"wpforms-field-row wpforms-field-medium\"><div class=\"wpforms-field-row-block wpforms-first wpforms-one-half\"><input type=\"text\" id=\"wpforms-103-field_1\" class=\"wpforms-field-name-first wpforms-field-required\" name=\"wpforms[fields][1][first]\" required><label for=\"wpforms-103-field_1\" class=\"wpforms-field-sublabel after\">Nombre<\/label><\/div><div class=\"wpforms-field-row-block wpforms-one-half\"><input type=\"text\" id=\"wpforms-103-field_1-last\" class=\"wpforms-field-name-last wpforms-field-required\" name=\"wpforms[fields][1][last]\" required><label for=\"wpforms-103-field_1-last\" class=\"wpforms-field-sublabel after\">Apellidos<\/label><\/div><\/div><\/div><div id=\"wpforms-103-field_11-container\" class=\"wpforms-field wpforms-field-number\" data-field-id=\"11\"><label class=\"wpforms-field-label\" for=\"wpforms-103-field_11\">DNI:  <span class=\"wpforms-required-label\">*<\/span><\/label><input type=\"number\" id=\"wpforms-103-field_11\" class=\"wpforms-field-medium wpforms-field-required\" name=\"wpforms[fields][11]\" required><\/div><div id=\"wpforms-103-field_10-container\" class=\"wpforms-field wpforms-field-text\" data-field-id=\"10\"><label class=\"wpforms-field-label\" for=\"wpforms-103-field_10\">Indique qu\u00e9 grado cursar\u00e1 en el 2021 <span class=\"wpforms-required-label\">*<\/span><\/label><input type=\"text\" id=\"wpforms-103-field_10\" class=\"wpforms-field-medium wpforms-field-required\" name=\"wpforms[fields][10]\" placeholder=\"Ej.: 6\u00b0\" required><\/div><div id=\"wpforms-103-field_2-container\" class=\"wpforms-field wpforms-field-name\" data-field-id=\"2\"><label class=\"wpforms-field-label\" for=\"wpforms-103-field_2\">Nombres y Apellidos del Padre, Madre o Tutor\/a <span class=\"wpforms-required-label\">*<\/span><\/label><div class=\"wpforms-field-row wpforms-field-medium\"><div class=\"wpforms-field-row-block wpforms-first wpforms-one-half\"><input type=\"text\" id=\"wpforms-103-field_2\" class=\"wpforms-field-name-first wpforms-field-required\" name=\"wpforms[fields][2][first]\" required><label for=\"wpforms-103-field_2\" class=\"wpforms-field-sublabel after\">Nombre<\/label><\/div><div class=\"wpforms-field-row-block wpforms-one-half\"><input type=\"text\" id=\"wpforms-103-field_2-last\" class=\"wpforms-field-name-last wpforms-field-required\" name=\"wpforms[fields][2][last]\" required><label for=\"wpforms-103-field_2-last\" class=\"wpforms-field-sublabel after\">Apellidos<\/label><\/div><\/div><\/div><div id=\"wpforms-103-field_3-container\" class=\"wpforms-field wpforms-field-number\" data-field-id=\"3\"><label class=\"wpforms-field-label\" for=\"wpforms-103-field_3\">DNI: <span class=\"wpforms-required-label\">*<\/span><\/label><input type=\"number\" id=\"wpforms-103-field_3\" class=\"wpforms-field-medium wpforms-field-required\" name=\"wpforms[fields][3]\" required><\/div><div id=\"wpforms-103-field_7-container\" class=\"wpforms-field wpforms-field-number\" data-field-id=\"7\"><label class=\"wpforms-field-label\" for=\"wpforms-103-field_7\">Edad:<\/label><input type=\"number\" id=\"wpforms-103-field_7\" class=\"wpforms-field-medium\" name=\"wpforms[fields][7]\" ><\/div><div id=\"wpforms-103-field_4-container\" class=\"wpforms-field wpforms-field-text\" data-field-id=\"4\"><label class=\"wpforms-field-label\" for=\"wpforms-103-field_4\">Direcci\u00f3n: <span class=\"wpforms-required-label\">*<\/span><\/label><input type=\"text\" id=\"wpforms-103-field_4\" class=\"wpforms-field-medium wpforms-field-required\" name=\"wpforms[fields][4]\" required><\/div><div id=\"wpforms-103-field_5-container\" class=\"wpforms-field wpforms-field-number\" data-field-id=\"5\"><label class=\"wpforms-field-label\" for=\"wpforms-103-field_5\">Tel\u00e9fono <span class=\"wpforms-required-label\">*<\/span><\/label><input type=\"number\" id=\"wpforms-103-field_5\" class=\"wpforms-field-medium wpforms-field-required\" name=\"wpforms[fields][5]\" required><\/div><div id=\"wpforms-103-field_6-container\" class=\"wpforms-field wpforms-field-email\" data-field-id=\"6\"><label class=\"wpforms-field-label\" for=\"wpforms-103-field_6\">Correo electr\u00f3nico<\/label><input type=\"email\" id=\"wpforms-103-field_6\" class=\"wpforms-field-medium\" name=\"wpforms[fields][6]\" spellcheck=\"false\" ><\/div><div id=\"wpforms-103-field_8-container\" class=\"wpforms-field wpforms-field-radio\" data-field-id=\"8\"><label class=\"wpforms-field-label\" for=\"wpforms-103-field_8\">Seleccione la opci\u00f3n que corresponde <span class=\"wpforms-required-label\">*<\/span><\/label><ul id=\"wpforms-103-field_8\" class=\"wpforms-field-required\"><li class=\"choice-1 depth-1\"><input type=\"radio\" id=\"wpforms-103-field_8_1\" name=\"wpforms[fields][8]\" value=\"Padre\" required ><label class=\"wpforms-field-label-inline\" for=\"wpforms-103-field_8_1\">Padre<\/label><\/li><li class=\"choice-2 depth-1\"><input type=\"radio\" id=\"wpforms-103-field_8_2\" name=\"wpforms[fields][8]\" value=\"Madre\" required ><label class=\"wpforms-field-label-inline\" for=\"wpforms-103-field_8_2\">Madre<\/label><\/li><li class=\"choice-3 depth-1\"><input type=\"radio\" id=\"wpforms-103-field_8_3\" name=\"wpforms[fields][8]\" value=\"Tutor\/a\" required ><label class=\"wpforms-field-label-inline\" for=\"wpforms-103-field_8_3\">Tutor\/a<\/label><\/li><\/ul><\/div><div id=\"wpforms-103-field_9-container\" class=\"wpforms-field wpforms-field-radio\" data-field-id=\"9\"><label class=\"wpforms-field-label\" for=\"wpforms-103-field_9\">Acepto ser socio (tiene validez de firma de pu\u00f1o y letra)<\/label><ul id=\"wpforms-103-field_9\"><li class=\"choice-1 depth-1\"><input type=\"radio\" id=\"wpforms-103-field_9_1\" name=\"wpforms[fields][9]\" value=\"S\u00ed\"  ><label class=\"wpforms-field-label-inline\" for=\"wpforms-103-field_9_1\">S\u00ed<\/label><\/li><li class=\"choice-2 depth-1\"><input type=\"radio\" id=\"wpforms-103-field_9_2\" name=\"wpforms[fields][9]\" value=\"No\"  ><label class=\"wpforms-field-label-inline\" for=\"wpforms-103-field_9_2\">No<\/label><\/li><li class=\"choice-3 depth-1\"><input type=\"radio\" id=\"wpforms-103-field_9_3\" name=\"wpforms[fields][9]\" value=\"No s\u00e9, quiero recibir m\u00e1s informaci\u00f3n\"  ><label class=\"wpforms-field-label-inline\" for=\"wpforms-103-field_9_3\">No s\u00e9, quiero recibir m\u00e1s informaci\u00f3n<\/label><\/li><\/ul><\/div><\/div><!-- .wpforms-field-container --><div class=\"wpforms-recaptcha-container wpforms-is-recaptcha wpforms-is-recaptcha-type-v3\" ><input type=\"hidden\" name=\"wpforms[recaptcha]\" value=\"\"><\/div><div class=\"wpforms-submit-container\" ><input type=\"hidden\" name=\"wpforms[id]\" value=\"103\"><input type=\"hidden\" name=\"page_title\" value=\"\"><input type=\"hidden\" name=\"page_url\" value=\"https:\/\/asociacionesperanza.com.ar\/primario\/wp-json\/wp\/v2\/pages\/101\"><button type=\"submit\" name=\"wpforms[submit]\" id=\"wpforms-submit-103\" class=\"wpforms-submit\" data-alt-text=\"Enviando...\" data-submit-text=\"Enviar\" aria-live=\"assertive\" value=\"wpforms-submit\">Enviar<\/button><\/div><\/form><\/div>  <!-- .wpforms-container -->","protected":false},"excerpt":{"rendered":"<p>Estimado Padre, madre, tutor: La Comisi\u00f3n Directiva de la Asociaci\u00f3n Esperanza le informa que a partir del ciclo lectivo 2021 Usted puede ELEGIR LIBREMENTE ADHERIRSE VOLUNTARIAMENTE COMO SOCIO DE LA ASOCIACI\u00d3N ESPERANZA. LA ADHESI\u00d3N IMPLICA EL PAGO DE LA CUOTA SOCIAL ANUAL DE $ 300 Y LA ASISTENCIA A LAS REUNIONES QUE CONVOQUE LA COMISI\u00d3N DIRECTIVA.<\/p>\n","protected":false},"author":2,"featured_media":0,"parent":0,"menu_order":0,"comment_status":"closed","ping_status":"closed","template":"","meta":{"footnotes":""},"class_list":["post-101","page","type-page","status-publish","hentry"],"blocksy_meta":{"styles_descriptor":{"styles":{"desktop":"","tablet":"","mobile":""},"google_fonts":[],"version":4}},"_links":{"self":[{"href":"https:\/\/asociacionesperanza.com.ar\/primario\/wp-json\/wp\/v2\/pages\/101"}],"collection":[{"href":"https:\/\/asociacionesperanza.com.ar\/primario\/wp-json\/wp\/v2\/pages"}],"about":[{"href":"https:\/\/asociacionesperanza.com.ar\/primario\/wp-json\/wp\/v2\/types\/page"}],"author":[{"embeddable":true,"href":"https:\/\/asociacionesperanza.com.ar\/primario\/wp-json\/wp\/v2\/users\/2"}],"replies":[{"embeddable":true,"href":"https:\/\/asociacionesperanza.com.ar\/primario\/wp-json\/wp\/v2\/comments?post=101"}],"version-history":[{"count":4,"href":"https:\/\/asociacionesperanza.com.ar\/primario\/wp-json\/wp\/v2\/pages\/101\/revisions"}],"predecessor-version":[{"id":115,"href":"https:\/\/asociacionesperanza.com.ar\/primario\/wp-json\/wp\/v2\/pages\/101\/revisions\/115"}],"wp:attachment":[{"href":"https:\/\/asociacionesperanza.com.ar\/primario\/wp-json\/wp\/v2\/media?parent=101"}],"curies":[{"name":"wp","href":"https:\/\/api.w.org\/{rel}","templated":true}]}}